{"id":112,"date":"2013-12-03T12:01:06","date_gmt":"2013-12-03T10:01:06","guid":{"rendered":"http:\/\/www.irahyyrynen.com\/?page_id=112"},"modified":"2025-01-21T15:04:01","modified_gmt":"2025-01-21T13:04:01","slug":"ajankohtaista","status":"publish","type":"page","link":"https:\/\/www.aurinkola.fi\/?page_id=112","title":{"rendered":"Yrityksille"},"content":{"rendered":"<p><span style=\"font-weight: 400;\">Aurinkola tarjoaa yrityksille ja yhteis\u00f6ille ty\u00f6hyvinvointiin, ty\u00f6ss\u00e4 jaksamiseen ja ty\u00f6kyvyn yll\u00e4pit\u00e4miseen r\u00e4\u00e4t\u00e4l\u00f6ityj\u00e4 paketteja. Sis\u00e4lt\u00f6 voi liitty\u00e4 stressinhallintaan, kiireenkesytykseen, taukoliikuntaan tai hyvinvointihoitoihin, ja aihetta l\u00e4hestyt\u00e4\u00e4n niin teorian kuin k\u00e4yt\u00e4nn\u00f6n ty\u00f6kalujen oppimisen kautta. Pakettiin voidaan my\u00f6s yhdist\u00e4\u00e4 Aurinkolan yhteisty\u00f6kumppaneiden palveluja.<\/span><\/p>\n<p><span style=\"font-weight: 400;\">Ennaltaehk\u00e4isy on aina paras ja kustannustehokkain keino yll\u00e4pit\u00e4\u00e4 yksil\u00f6n ja koko ty\u00f6yhteis\u00f6n hyvinvointia.<\/span><\/p>\n<p><span style=\"font-weight: 400;\">Ota yhteytt\u00e4 ja rakennetaan yhdess\u00e4 juuri teille sopiva kokonaisuus! <\/span><\/p>\n","protected":false},"excerpt":{"rendered":"<p>Aurinkola tarjoaa yrityksille ja yhteis\u00f6ille ty\u00f6hyvinvointiin, ty\u00f6ss\u00e4 jaksamiseen ja ty\u00f6kyvyn yll\u00e4pit\u00e4miseen r\u00e4\u00e4t\u00e4l\u00f6ityj\u00e4 paketteja. Sis\u00e4lt\u00f6 voi liitty\u00e4 stressinhallintaan, kiireenkesytykseen, taukoliikuntaan tai hyvinvointihoitoihin, ja aihetta l\u00e4hestyt\u00e4\u00e4n niin teorian kuin k\u00e4yt\u00e4nn\u00f6n ty\u00f6kalujen oppimisen kautta. Pakettiin voidaan my\u00f6s yhdist\u00e4\u00e4 Aurinkolan yhteisty\u00f6kumppaneiden palveluja. Ennaltaehk\u00e4isy on aina paras ja kustannustehokkain keino yll\u00e4pit\u00e4\u00e4 yksil\u00f6n ja koko ty\u00f6yhteis\u00f6n hyvinvointia. Ota yhteytt\u00e4 ja rakennetaan &hellip; <\/p>\n<p class=\"link-more\"><a href=\"https:\/\/www.aurinkola.fi\/?page_id=112\" class=\"more-link\">Jatka lukemista<span class=\"screen-reader-text\"> &#8221;Yrityksille&#8221;<\/span><\/a><\/p>\n","protected":false},"author":1,"featured_media":0,"parent":0,"menu_order":0,"comment_status":"open","ping_status":"open","template":"","meta":{"footnotes":""},"class_list":["post-112","page","type-page","status-publish","hentry"],"_links":{"self":[{"href":"https:\/\/www.aurinkola.fi\/index.php?rest_route=\/wp\/v2\/pages\/112","targetHints":{"allow":["GET"]}}],"collection":[{"href":"https:\/\/www.aurinkola.fi\/index.php?rest_route=\/wp\/v2\/pages"}],"about":[{"href":"https:\/\/www.aurinkola.fi\/index.php?rest_route=\/wp\/v2\/types\/page"}],"author":[{"embeddable":true,"href":"https:\/\/www.aurinkola.fi\/index.php?rest_route=\/wp\/v2\/users\/1"}],"replies":[{"embeddable":true,"href":"https:\/\/www.aurinkola.fi\/index.php?rest_route=%2Fwp%2Fv2%2Fcomments&post=112"}],"version-history":[{"count":21,"href":"https:\/\/www.aurinkola.fi\/index.php?rest_route=\/wp\/v2\/pages\/112\/revisions"}],"predecessor-version":[{"id":520,"href":"https:\/\/www.aurinkola.fi\/index.php?rest_route=\/wp\/v2\/pages\/112\/revisions\/520"}],"wp:attachment":[{"href":"https:\/\/www.aurinkola.fi\/index.php?rest_route=%2Fwp%2Fv2%2Fmedia&parent=112"}],"curies":[{"name":"wp","href":"https:\/\/api.w.org\/{rel}","templated":true}]}}