{"id":187,"date":"2015-11-25T11:34:41","date_gmt":"2015-11-25T09:34:41","guid":{"rendered":"http:\/\/www.irahyyrynen.com\/?page_id=187"},"modified":"2025-01-21T15:02:43","modified_gmt":"2025-01-21T13:02:43","slug":"vyohyketerapia","status":"publish","type":"page","link":"https:\/\/www.aurinkola.fi\/?page_id=187","title":{"rendered":"Vy\u00f6hyketerapia"},"content":{"rendered":"<p>Vy\u00f6hyketerapia, toiselta nimelt\u00e4\u00e4n refleksologia, perustuu vy\u00f6hyketeoriaan. T\u00e4ll\u00e4 hoitomuodolla on pitk\u00e4t juuret monissa eri kulttuureissa, ja siit\u00e4 on aikojen saatossa kehittynyt hieman erilaisia koulukuntia. T\u00e4m\u00e4n t\u00e4ydent\u00e4v\u00e4n hoitomuodon teorian mukaan kehon eri osilla on heijastealueet jalkateriss\u00e4, k\u00e4mmeniss\u00e4 ja korvissa. N\u00e4it\u00e4 heijastealueita k\u00e4sittelem\u00e4ll\u00e4 voidaan hoitaa koko kehoa. Koska vy\u00f6hyketerapia on hyvin kokonaisvaltainen hoitomuoto, se hoitaa kehon lis\u00e4ksi my\u00f6s mielt\u00e4, ja on siksi loistava stressinhallinnan tukihoito.<\/p>\n<p>Kehomme on \u00e4\u00e4rimm\u00e4isen viisas ja sill\u00e4 on luontainen kyky parantaa itsens\u00e4. Sairauden, pitkittyneen stressin tai onnettomuuden seurauksena keho saattaa olla ep\u00e4tasapainon tilassa, est\u00e4en sen t\u00e4ysipainoisen toiminnan. Hoidon tavoitteena on saada aikaan syv\u00e4n rentoutuksen tila ja purkaa j\u00e4nnitteit\u00e4 niin kehossa kuin mieless\u00e4. Kun kehomme ja mielemme on paremmassa tasapainossa, on terveyden ja hyvinvoinnin yll\u00e4pit\u00e4minen helpompaa.<\/p>\n<p>Vy\u00f6hyketerapia on pehme\u00e4 ja miellytt\u00e4v\u00e4, mutta tehokas hoitomuoto. Hoidon aikana heijastealueet, joissa on j\u00e4nnitteit\u00e4 tai tukoksia, saattavat tuntua aluksi aroilta. Hoidon edetess\u00e4 mahdollinen arkuus helpottaa, mahdollistaen viel\u00e4kin syvemm\u00e4n rentoutuksen tilan. Hoidon j\u00e4lkivaikutukset saattavat olla vaihtelevia ja yksil\u00f6llisi\u00e4. Olo saattaa olla v\u00e4synyt tai vire\u00e4, unen laatu ja vatsan toiminta muuttua, tunteet saattavat ailahdella. T\u00e4m\u00e4 johtuu siit\u00e4, ett\u00e4 keho hakee uutta tasapainoa, ja usein n\u00e4m\u00e4 vaikutukset tasaantuvat hoitojen my\u00f6t\u00e4.<\/p>\n<p>Hoito sopii kaikille vauvasta vaariin. Jos sinulla kuitenkin on jokin vakava fyysinen tai psyykkinen sairaus, neuvottele hoidon sopivuudesta hoitajan kanssa.<\/p>\n","protected":false},"excerpt":{"rendered":"<p>Vy\u00f6hyketerapia, toiselta nimelt\u00e4\u00e4n refleksologia, perustuu vy\u00f6hyketeoriaan. T\u00e4ll\u00e4 hoitomuodolla on pitk\u00e4t juuret monissa eri kulttuureissa, ja siit\u00e4 on aikojen saatossa kehittynyt hieman erilaisia koulukuntia. T\u00e4m\u00e4n t\u00e4ydent\u00e4v\u00e4n hoitomuodon teorian mukaan kehon eri osilla on heijastealueet jalkateriss\u00e4, k\u00e4mmeniss\u00e4 ja korvissa. N\u00e4it\u00e4 heijastealueita k\u00e4sittelem\u00e4ll\u00e4 voidaan hoitaa koko kehoa. Koska vy\u00f6hyketerapia on hyvin kokonaisvaltainen hoitomuoto, se hoitaa kehon lis\u00e4ksi my\u00f6s &hellip; <\/p>\n<p class=\"link-more\"><a href=\"https:\/\/www.aurinkola.fi\/?page_id=187\" class=\"more-link\">Jatka lukemista<span class=\"screen-reader-text\"> &#8221;Vy\u00f6hyketerapia&#8221;<\/span><\/a><\/p>\n","protected":false},"author":1,"featured_media":0,"parent":88,"menu_order":0,"comment_status":"closed","ping_status":"closed","template":"","meta":{"footnotes":""},"class_list":["post-187","page","type-page","status-publish","hentry"],"_links":{"self":[{"href":"https:\/\/www.aurinkola.fi\/index.php?rest_route=\/wp\/v2\/pages\/187","targetHints":{"allow":["GET"]}}],"collection":[{"href":"https:\/\/www.aurinkola.fi\/index.php?rest_route=\/wp\/v2\/pages"}],"about":[{"href":"https:\/\/www.aurinkola.fi\/index.php?rest_route=\/wp\/v2\/types\/page"}],"author":[{"embeddable":true,"href":"https:\/\/www.aurinkola.fi\/index.php?rest_route=\/wp\/v2\/users\/1"}],"replies":[{"embeddable":true,"href":"https:\/\/www.aurinkola.fi\/index.php?rest_route=%2Fwp%2Fv2%2Fcomments&post=187"}],"version-history":[{"count":5,"href":"https:\/\/www.aurinkola.fi\/index.php?rest_route=\/wp\/v2\/pages\/187\/revisions"}],"predecessor-version":[{"id":519,"href":"https:\/\/www.aurinkola.fi\/index.php?rest_route=\/wp\/v2\/pages\/187\/revisions\/519"}],"up":[{"embeddable":true,"href":"https:\/\/www.aurinkola.fi\/index.php?rest_route=\/wp\/v2\/pages\/88"}],"wp:attachment":[{"href":"https:\/\/www.aurinkola.fi\/index.php?rest_route=%2Fwp%2Fv2%2Fmedia&parent=187"}],"curies":[{"name":"wp","href":"https:\/\/api.w.org\/{rel}","templated":true}]}}