{"id":84,"date":"2013-11-30T18:05:36","date_gmt":"2013-11-30T16:05:36","guid":{"rendered":"http:\/\/www.irahyyrynen.com\/?page_id=84"},"modified":"2025-01-26T14:00:58","modified_gmt":"2025-01-26T12:00:58","slug":"tietoja","status":"publish","type":"page","link":"https:\/\/www.aurinkola.fi\/?page_id=84","title":{"rendered":"Yhteystiedot"},"content":{"rendered":"<p><span style=\"font-weight: 400;\">Aurinkola sijaitsee hyvien liikenneyhteyksien p\u00e4\u00e4ss\u00e4 <\/span><span style=\"font-weight: 400;\">Pihlajam\u00e4en ostoskeskuksessa. <\/span><\/p>\n<p>Osoite:<br \/>Meripihkatie 3<br \/>00710 Helsinki<\/p>\n<p><iframe loading=\"lazy\" style=\"border: 0;\" src=\"https:\/\/www.google.com\/maps\/embed?pb=!1m18!1m12!1m3!1d1980.7585258972415!2d25.008894251302213!3d60.23437078189623!2m3!1f0!2f0!3f0!3m2!1i1024!2i768!4f13.1!3m3!1m2!1s0x469208f9d7150af1%3A0x352ee6363374ef99!2sAurinkola!5e0!3m2!1sfi!2sfi!4v1550078068777\" width=\"400\" height=\"300\" frameborder=\"0\" allowfullscreen=\"allowfullscreen\"><\/iframe><\/p>\n<p>Aurinkolassa sinua palvelee:<\/p>\n<p><strong>Ira Hyyrynen <\/strong>(<a href=\"https:\/\/www.linkedin.com\/in\/ira-hyyrynen-6b55a779\/\">LinkedIn<\/a> )<strong><br \/><\/strong>koulutettu hieroja, vy\u00f6hyketerapeutti, stressinhallinnanohjaaja\u00a0 ja kouluttaja.<\/p>\n<p>Ajanvaraus ja lis\u00e4tiedot puhelimitse: 040 727 0435.<\/p>\n<p><b style=\"font-size: 1rem;\">Aurinkolassa on turvallista k\u00e4yd\u00e4 hoidettavana.<\/b><\/p>\n<div class=\"kvgmc6g5 cxmmr5t8 oygrvhab hcukyx3x c1et5uql ii04i59q\">\n<div dir=\"auto\"><span style=\"font-size: revert;\">Pid\u00e4mme hyv\u00e4\u00e4 huolta puhtaudesta, tuuletuksesta sek\u00e4 k\u00e4sihygieniasta. <\/span><span style=\"font-size: revert;\">Muistathan, ett\u00e4 hoitoon saat tulla ainoastaan terveen\u00e4. <\/span><\/div>\n<div dir=\"auto\">\u00a0<\/div>\n<div dir=\"auto\"><span style=\"font-weight: 400;\">Voit ottaa Aurinkolaan yhteytt\u00e4 alla olevalla lomakkeella. Muista lis\u00e4t\u00e4 viesti-osioon my\u00f6s\u00a0<\/span><b style=\"font-size: revert;\">puhelinnumerosi.<\/b><span style=\"font-weight: 400;\">\u00a0 Joskus vastaukset saattavat menn\u00e4 roskapostikansioon, joten tarkista se.\u00a0<\/span><\/div>\n<\/div>\n<div class=\"wpforms-container wpforms-container-full\" id=\"wpforms-278\"><form id=\"wpforms-form-278\" class=\"wpforms-validate wpforms-form\" data-formid=\"278\" method=\"post\" enctype=\"multipart\/form-data\" action=\"\/index.php?rest_route=%2Fwp%2Fv2%2Fpages%2F84\" data-token=\"1a9ed9123ed718b32900e97bc9bc0ea9\" data-token-time=\"1776599111\"><noscript class=\"wpforms-error-noscript\">Please enable JavaScript in your browser to complete this form.<\/noscript><div class=\"wpforms-field-container\"><div id=\"wpforms-278-field_0-container\" class=\"wpforms-field wpforms-field-name\" data-field-id=\"0\"><label class=\"wpforms-field-label\" for=\"wpforms-278-field_0\">Nimi <span class=\"wpforms-required-label\">*<\/span><\/label><input type=\"text\" id=\"wpforms-278-field_0\" class=\"wpforms-field-medium wpforms-field-required\" name=\"wpforms[fields][0]\" required><\/div><div id=\"wpforms-278-field_1-container\" class=\"wpforms-field wpforms-field-email\" data-field-id=\"1\"><label class=\"wpforms-field-label\" for=\"wpforms-278-field_1\">S\u00e4hk\u00f6posti <span class=\"wpforms-required-label\">*<\/span><\/label><input type=\"email\" id=\"wpforms-278-field_1\" class=\"wpforms-field-medium wpforms-field-required\" name=\"wpforms[fields][1]\" spellcheck=\"false\" required><\/div><div id=\"wpforms-278-field_2-container\" class=\"wpforms-field wpforms-field-textarea\" data-field-id=\"2\"><label class=\"wpforms-field-label\" for=\"wpforms-278-field_2\">Viestisi <span class=\"wpforms-required-label\">*<\/span><\/label><textarea id=\"wpforms-278-field_2\" class=\"wpforms-field-medium wpforms-field-required\" name=\"wpforms[fields][2]\" required><\/textarea><\/div><\/div><!-- .wpforms-field-container --><div class=\"wpforms-field wpforms-field-hp\"><label for=\"wpforms-278-field-hp\" class=\"wpforms-field-label\">Website<\/label><input type=\"text\" name=\"wpforms[hp]\" id=\"wpforms-278-field-hp\" class=\"wpforms-field-medium\"><\/div><div class=\"wpforms-submit-container\" ><input type=\"hidden\" name=\"wpforms[id]\" value=\"278\"><input type=\"hidden\" name=\"page_title\" value=\"\"><input type=\"hidden\" name=\"page_url\" value=\"https:\/\/www.aurinkola.fi\/index.php?rest_route=\/wp\/v2\/pages\/84\"><input type=\"hidden\" name=\"url_referer\" value=\"\"><button type=\"submit\" name=\"wpforms[submit]\" id=\"wpforms-submit-278\" class=\"wpforms-submit\" data-alt-text=\"L\u00e4hetet\u00e4\u00e4n...\" data-submit-text=\"L\u00e4het\u00e4\" aria-live=\"assertive\" value=\"wpforms-submit\">L\u00e4het\u00e4<\/button><\/div><\/form><\/div>  <!-- .wpforms-container -->\n\n\n<p><\/p>\n","protected":false},"excerpt":{"rendered":"<p>Aurinkola sijaitsee hyvien liikenneyhteyksien p\u00e4\u00e4ss\u00e4 Pihlajam\u00e4en ostoskeskuksessa. Osoite:Meripihkatie 300710 Helsinki Aurinkolassa sinua palvelee: Ira Hyyrynen (LinkedIn )koulutettu hieroja, vy\u00f6hyketerapeutti, stressinhallinnanohjaaja\u00a0 ja kouluttaja. Ajanvaraus ja lis\u00e4tiedot puhelimitse: 040 727 0435. Aurinkolassa on turvallista k\u00e4yd\u00e4 hoidettavana. Pid\u00e4mme hyv\u00e4\u00e4 huolta puhtaudesta, tuuletuksesta sek\u00e4 k\u00e4sihygieniasta. Muistathan, ett\u00e4 hoitoon saat tulla ainoastaan terveen\u00e4. \u00a0 Voit ottaa Aurinkolaan yhteytt\u00e4 alla olevalla &hellip; <\/p>\n<p class=\"link-more\"><a href=\"https:\/\/www.aurinkola.fi\/?page_id=84\" class=\"more-link\">Jatka lukemista<span class=\"screen-reader-text\"> &#8221;Yhteystiedot&#8221;<\/span><\/a><\/p>\n","protected":false},"author":1,"featured_media":0,"parent":0,"menu_order":0,"comment_status":"open","ping_status":"open","template":"","meta":{"footnotes":""},"class_list":["post-84","page","type-page","status-publish","hentry"],"_links":{"self":[{"href":"https:\/\/www.aurinkola.fi\/index.php?rest_route=\/wp\/v2\/pages\/84","targetHints":{"allow":["GET"]}}],"collection":[{"href":"https:\/\/www.aurinkola.fi\/index.php?rest_route=\/wp\/v2\/pages"}],"about":[{"href":"https:\/\/www.aurinkola.fi\/index.php?rest_route=\/wp\/v2\/types\/page"}],"author":[{"embeddable":true,"href":"https:\/\/www.aurinkola.fi\/index.php?rest_route=\/wp\/v2\/users\/1"}],"replies":[{"embeddable":true,"href":"https:\/\/www.aurinkola.fi\/index.php?rest_route=%2Fwp%2Fv2%2Fcomments&post=84"}],"version-history":[{"count":40,"href":"https:\/\/www.aurinkola.fi\/index.php?rest_route=\/wp\/v2\/pages\/84\/revisions"}],"predecessor-version":[{"id":534,"href":"https:\/\/www.aurinkola.fi\/index.php?rest_route=\/wp\/v2\/pages\/84\/revisions\/534"}],"wp:attachment":[{"href":"https:\/\/www.aurinkola.fi\/index.php?rest_route=%2Fwp%2Fv2%2Fmedia&parent=84"}],"curies":[{"name":"wp","href":"https:\/\/api.w.org\/{rel}","templated":true}]}}