{"id":88,"date":"2013-11-30T18:11:10","date_gmt":"2013-11-30T16:11:10","guid":{"rendered":"http:\/\/www.irahyyrynen.com\/?page_id=88"},"modified":"2025-01-21T14:57:02","modified_gmt":"2025-01-21T12:57:02","slug":"hoidot-6","status":"publish","type":"page","link":"https:\/\/www.aurinkola.fi\/?page_id=88","title":{"rendered":"Palvelut"},"content":{"rendered":"<p>Aurinkolasta saat monipuolisia hyvinvoinnin palveluja \u2013 sek\u00e4 yksitt\u00e4isin\u00e4 hoitokertoina ett\u00e4 pidempi\u00e4 hoitosarjoina. Aurinkolan hoitotarjontaan kuuluu hieronta, vy\u00f6hyketerapia ja stressinhallinnan ohjaus.<\/p>\n<p>Hoitojeni perustana on klassinen hieronta ja kehonhuolto. R\u00e4\u00e4t\u00e4l\u00f6in hoidot aina asiakkaan tarpeisiin, ja siksi usein suosittelen hoitosarjaa parhaan lopputuloksen saavuttamiseksi. Hoitojen lis\u00e4ksi tarjoan my\u00f6s koulutuksia ja luentoja ryhmille ja yrityksille.<\/p>\n<p>Aurinkolan hoidot sopivat kaikenik\u00e4isille, vauvasta vaariin. Hoitoja edelt\u00e4\u00e4 aina terveydentilan kartoitus ja yksil\u00f6llisen hoitosuunnitelman teko yhdess\u00e4 asiakkaan kanssa. Yksil\u00f6lliset kotihoito-ohjeet ovat aina osa hoitokokonaisuutta.<\/p>\n<p>Hoitojen tukena voidaan k\u00e4ytt\u00e4\u00e4 yksil\u00f6llisiin tarpeisiin valittuja hoitotekniikoita, kuten trigger- ja akupistepistek\u00e4sittely, kuumakivihieronta, imukuppihoito, rentoutusohjaus ja neuraalimanipulaatio.<\/p>\n","protected":false},"excerpt":{"rendered":"<p>Aurinkolasta saat monipuolisia hyvinvoinnin palveluja \u2013 sek\u00e4 yksitt\u00e4isin\u00e4 hoitokertoina ett\u00e4 pidempi\u00e4 hoitosarjoina. Aurinkolan hoitotarjontaan kuuluu hieronta, vy\u00f6hyketerapia ja stressinhallinnan ohjaus. Hoitojeni perustana on klassinen hieronta ja kehonhuolto. R\u00e4\u00e4t\u00e4l\u00f6in hoidot aina asiakkaan tarpeisiin, ja siksi usein suosittelen hoitosarjaa parhaan lopputuloksen saavuttamiseksi. Hoitojen lis\u00e4ksi tarjoan my\u00f6s koulutuksia ja luentoja ryhmille ja yrityksille. Aurinkolan hoidot sopivat kaikenik\u00e4isille, vauvasta &hellip; <\/p>\n<p class=\"link-more\"><a href=\"https:\/\/www.aurinkola.fi\/?page_id=88\" class=\"more-link\">Jatka lukemista<span class=\"screen-reader-text\"> &#8221;Palvelut&#8221;<\/span><\/a><\/p>\n","protected":false},"author":1,"featured_media":0,"parent":0,"menu_order":0,"comment_status":"open","ping_status":"open","template":"","meta":{"footnotes":""},"class_list":["post-88","page","type-page","status-publish","hentry"],"_links":{"self":[{"href":"https:\/\/www.aurinkola.fi\/index.php?rest_route=\/wp\/v2\/pages\/88","targetHints":{"allow":["GET"]}}],"collection":[{"href":"https:\/\/www.aurinkola.fi\/index.php?rest_route=\/wp\/v2\/pages"}],"about":[{"href":"https:\/\/www.aurinkola.fi\/index.php?rest_route=\/wp\/v2\/types\/page"}],"author":[{"embeddable":true,"href":"https:\/\/www.aurinkola.fi\/index.php?rest_route=\/wp\/v2\/users\/1"}],"replies":[{"embeddable":true,"href":"https:\/\/www.aurinkola.fi\/index.php?rest_route=%2Fwp%2Fv2%2Fcomments&post=88"}],"version-history":[{"count":13,"href":"https:\/\/www.aurinkola.fi\/index.php?rest_route=\/wp\/v2\/pages\/88\/revisions"}],"predecessor-version":[{"id":517,"href":"https:\/\/www.aurinkola.fi\/index.php?rest_route=\/wp\/v2\/pages\/88\/revisions\/517"}],"wp:attachment":[{"href":"https:\/\/www.aurinkola.fi\/index.php?rest_route=%2Fwp%2Fv2%2Fmedia&parent=88"}],"curies":[{"name":"wp","href":"https:\/\/api.w.org\/{rel}","templated":true}]}}