{"id":92,"date":"2013-11-30T18:17:04","date_gmt":"2013-11-30T16:17:04","guid":{"rendered":"http:\/\/www.irahyyrynen.com\/?page_id=92"},"modified":"2025-01-27T12:04:49","modified_gmt":"2025-01-27T10:04:49","slug":"hinnasto","status":"publish","type":"page","link":"https:\/\/www.aurinkola.fi\/?page_id=92","title":{"rendered":"Hinnasto"},"content":{"rendered":"<table style=\"height: 371px;\" border=\"1\" width=\"635\" cellspacing=\"0\" cellpadding=\"0\">\n<tbody>\n<tr>\n<td style=\"text-align: center;\" valign=\"top\" width=\"349\"><b>HOI<\/b><b>TO<\/b><\/td>\n<td style=\"text-align: center;\" valign=\"top\" width=\"142\"><b>Yksitt\u00e4inen hoito<\/b><\/td>\n<td style=\"text-align: center;\" valign=\"top\" width=\"151\"><b>5 kerran sarjakortti<\/b><\/td>\n<\/tr>\n<tr>\n<td style=\"text-align: center;\" valign=\"top\" width=\"349\">\u00a0<\/td>\n<td style=\"text-align: center;\" valign=\"top\" width=\"142\">\u00a0<\/td>\n<td style=\"text-align: center;\" valign=\"top\" width=\"151\">\u00a0<\/td>\n<\/tr>\n<tr>\n<td style=\"text-align: center;\" valign=\"top\" width=\"349\">Hieronta 45 min<\/td>\n<td style=\"text-align: center;\" valign=\"top\" width=\"142\">57 e<\/td>\n<td style=\"text-align: center;\" valign=\"top\" width=\"151\">260 e<\/td>\n<\/tr>\n<tr>\n<td style=\"text-align: center;\" valign=\"top\" width=\"349\">Hieronta 60 min<\/td>\n<td style=\"text-align: center;\" valign=\"top\" width=\"142\">67 e<\/td>\n<td style=\"text-align: center;\" valign=\"top\" width=\"151\">310 e<\/td>\n<\/tr>\n<tr>\n<td style=\"text-align: center;\" valign=\"top\" width=\"349\"><span style=\"line-height: 2;\">Vy\u00f6hyketerapia 60 min<\/span><\/td>\n<td style=\"text-align: center;\" valign=\"top\" width=\"142\">70 e<\/td>\n<td style=\"text-align: center;\" valign=\"top\" width=\"151\">310 e<\/td>\n<\/tr>\n<tr>\n<td style=\"text-align: center;\" valign=\"top\" width=\"349\">Vauvojen vy\u00f6hyketerapia 30 min<\/td>\n<td style=\"text-align: center;\" valign=\"top\" width=\"142\">45 e<\/td>\n<td style=\"text-align: center;\" valign=\"top\" width=\"151\">200 e<\/td>\n<\/tr>\n<tr>\n<td style=\"text-align: center;\" valign=\"top\" width=\"349\">\u00a0<\/td>\n<td style=\"text-align: center;\" valign=\"top\" width=\"142\">\u00a0<\/td>\n<td style=\"text-align: center;\" valign=\"top\" width=\"151\">\u00a0<\/td>\n<\/tr>\n<\/tbody>\n<\/table>\n<p style=\"text-align: center;\">Stressinhallinnan ohjaus yksil\u00f6lle ja ryhmille tarjouksen mukaan.<\/p>\n<p>Sarjakortit ja lahjakortit ovat voimassa 6 kuukautta ostop\u00e4iv\u00e4st\u00e4.<\/p>\n<p>Hinnat alkaen 27.1.2025. Maksu k\u00e4teisell\u00e4 tai laskulla.<\/p>\n<p>Kotik\u00e4yntilis\u00e4 l\u00e4hialueella 45 e \/ k\u00e4ynti.<\/p>\n<p>Peruutukset viimeist\u00e4\u00e4n edellisen\u00e4 p\u00e4iv\u00e4n\u00e4. Peruuttamattomasta ajasta perit\u00e4\u00e4n hoidon hinta.<\/p>\n<p>Aurinkolan Y-tunnus 2573118-4.<\/p>\n\n\n<p><\/p>\n","protected":false},"excerpt":{"rendered":"<p>HOITO Yksitt\u00e4inen hoito 5 kerran sarjakortti \u00a0 \u00a0 \u00a0 Hieronta 45 min 57 e 260 e Hieronta 60 min 67 e 310 e Vy\u00f6hyketerapia 60 min 70 e 310 e Vauvojen vy\u00f6hyketerapia 30 min 45 e 200 e \u00a0 \u00a0 \u00a0 Stressinhallinnan ohjaus yksil\u00f6lle ja ryhmille tarjouksen mukaan. Sarjakortit ja lahjakortit ovat voimassa 6 kuukautta &hellip; <\/p>\n<p class=\"link-more\"><a href=\"https:\/\/www.aurinkola.fi\/?page_id=92\" class=\"more-link\">Jatka lukemista<span class=\"screen-reader-text\"> &#8221;Hinnasto&#8221;<\/span><\/a><\/p>\n","protected":false},"author":1,"featured_media":0,"parent":0,"menu_order":0,"comment_status":"open","ping_status":"open","template":"","meta":{"footnotes":""},"class_list":["post-92","page","type-page","status-publish","hentry"],"_links":{"self":[{"href":"https:\/\/www.aurinkola.fi\/index.php?rest_route=\/wp\/v2\/pages\/92","targetHints":{"allow":["GET"]}}],"collection":[{"href":"https:\/\/www.aurinkola.fi\/index.php?rest_route=\/wp\/v2\/pages"}],"about":[{"href":"https:\/\/www.aurinkola.fi\/index.php?rest_route=\/wp\/v2\/types\/page"}],"author":[{"embeddable":true,"href":"https:\/\/www.aurinkola.fi\/index.php?rest_route=\/wp\/v2\/users\/1"}],"replies":[{"embeddable":true,"href":"https:\/\/www.aurinkola.fi\/index.php?rest_route=%2Fwp%2Fv2%2Fcomments&post=92"}],"version-history":[{"count":59,"href":"https:\/\/www.aurinkola.fi\/index.php?rest_route=\/wp\/v2\/pages\/92\/revisions"}],"predecessor-version":[{"id":541,"href":"https:\/\/www.aurinkola.fi\/index.php?rest_route=\/wp\/v2\/pages\/92\/revisions\/541"}],"wp:attachment":[{"href":"https:\/\/www.aurinkola.fi\/index.php?rest_route=%2Fwp%2Fv2%2Fmedia&parent=92"}],"curies":[{"name":"wp","href":"https:\/\/api.w.org\/{rel}","templated":true}]}}